{"id":654,"date":"2019-03-19T17:15:26","date_gmt":"2019-03-19T16:15:26","guid":{"rendered":"https:\/\/www.gstaaddigitalfestival.ch\/?page_id=654"},"modified":"2019-05-24T20:11:52","modified_gmt":"2019-05-24T18:11:52","slug":"conditions-dutilisations","status":"publish","type":"page","link":"https:\/\/www.gstaaddigitalfestival.ch\/fr\/conditions-dutilisations\/","title":{"rendered":"Conditions d&rsquo;utilisations"},"content":{"rendered":"\n<p><strong>1. Champ d&rsquo;application<\/strong><\/p>\n\n\n\n<p>1.1 Par l&rsquo;utilisation des contenus et informations offerts sur ce site internet&nbsp;<a href=\"http:\/\/www.gstaaddigitalfestival.ch\/\">http:\/\/www.gstaaddigitalfestival.ch\/<\/a>(la\n \u00ab\u00a0Plate-forme Digitale\u00a0\u00bb) de Gstaad Menuhin Festival &amp; Academy SA (la\n \u00ab\u00a0Fournisseuse\u00a0\u00bb), l&rsquo;utilisateur d\u00e9clare accepter les pr\u00e9sentes \nconditions d&rsquo;utilisation et s&rsquo;engage \u00e0 les respecter.<\/p>\n\n\n\n<p>1.2 En cas de non-respect de ces conditions d&rsquo;utilisation, la Fournisseuse se r\u00e9serve explicitement le droit d&rsquo;engager des poursuites civiles et p\u00e9nales, en particulier d&rsquo;interdire par voie judiciaire l&rsquo;utilisation de ce site internet \u00e0 l&rsquo;utilisateur et d&rsquo;exiger des dommages-int\u00e9r\u00eats.<\/p>\n\n\n\n<p><strong>2. Etendue du droit d&rsquo;utilisation \/ Interdiction de r\u00e9utiliser des informations<\/strong><\/p>\n\n\n\n<p>2.1 A la condition expresse du respect inconditionnel des pr\u00e9sentes conditions d&rsquo;utilisation, la Fournisseuse accorde \u00e0 l&rsquo;utilisateur le droit d&rsquo;utiliser les contenus et les informations rendues accessibles sur la Plate-forme Digitale \u00e0 des fins personnelles, non commerciales. En exer\u00e7ant ces droits d&rsquo;utilisation, l&rsquo;utilisateur n&rsquo;acquiert aucun droit sur les contenus ou informations offerts ou rendus accessibles sur la Plate-forme Digitale.<\/p>\n\n\n\n<p>2.2 L&rsquo;utilisateur s&rsquo;engage en outre express\u00e9ment \u00e0 ne pas utiliser, de quelque mani\u00e8re ou sous quelque forme que ce soit, les contenus et informations rendus accessibles sur la Plate-forme Digitale en dehors de celle-ci. L&rsquo;utilisateur s&rsquo;abstient en particulier de copier, de publier ou de reproduire d&rsquo;une quelconque autre fa\u00e7on, notamment sur internet, les donn\u00e9es accessibles sur la Plate-forme Digitale.<\/p>\n\n\n\n<p>2.3 L&rsquo;utilisateur n&rsquo;a aucun droit \u00e0 la disponibilit\u00e9 de la Plate-forme Digitale ou de certaines parties de celle-ci.<\/p>\n\n\n\n<p><strong>3. Droits d&rsquo;auteur, droits de marque et autres droits prot\u00e9g\u00e9s<\/strong><\/p>\n\n\n\n<p>3.1 L&rsquo;ensemble des droits relatifs aux contenus et informations de la Plate-forme Digitale, en particulier les droits d&rsquo;auteur, les droits de marque et les autres droits prot\u00e9g\u00e9s qui en font partie, sont la propri\u00e9t\u00e9 de la Fournisseuse, \u00e0 moins qu&rsquo;il n&rsquo;existe des droits d&rsquo;utilisation correspondants en faveur de la Fournisseuse accord\u00e9s par des tiers.<\/p>\n\n\n\n<p>3.2 La reproduction, la transmission, la modification et\/ou le rattachement de la Plate-forme Digitale et ses contenus pour des buts publics et\/ou commerciaux, quelle que soit leur forme adopt\u00e9e, sont interdits, sauf accord \u00e9crit expr\u00e8s et pr\u00e9alable, de la Fournisseuse. Les infractions seront sanctionn\u00e9es civilement et p\u00e9nalement.<\/p>\n\n\n\n<p><strong>4. Protection des donn\u00e9es<\/strong><\/p>\n\n\n\n<p>4.1 Les avis de confidentialit\u00e9 et les conditions pour la collecte, le \ntraitement et l&rsquo;utilisation des donn\u00e9es personnelles par la Fournisseuse\n dans le cadre de l&rsquo;utilisation de la Plate-forme Digitale se trouvent&nbsp;<a href=\"https:\/\/www.gstaaddigitalfestival.ch\/fr\/legal\">ici<\/a>:<\/p>\n\n\n\n<p><strong>5. Pas de garantie<\/strong><\/p>\n\n\n\n<p>5.1 La Fournisseuse s&rsquo;efforce d&rsquo;assurer la v\u00e9racit\u00e9, l&rsquo;int\u00e9gralit\u00e9, l&rsquo;actualit\u00e9, la fiabilit\u00e9 et la fonctionnalit\u00e9 des contenus et informations sur la Plate-forme Digitale, mais n&rsquo;offre explicitement aucune garantie concernant les contenus et informations rendus accessibles.<\/p>\n\n\n\n<p>5.2 La Fournisseuse n&rsquo;a pas v\u00e9rifi\u00e9 le contenu des sites internet mis en lien avec la Plate-forme Digitale et n&rsquo;est pas responsable du contenu de tels sites.<\/p>\n\n\n\n<p>5.3 Les contenus et les informations qui se trouvent sur la Plate-forme Digitale peuvent \u00eatre modifi\u00e9s \u00e0 tout moment sans avis pr\u00e9alable.<\/p>\n\n\n\n<p><strong>6. Exclusion de responsabilit\u00e9<\/strong><\/p>\n\n\n\n<p>6.1 La Fournisseuse d\u00e9cline toute responsabilit\u00e9 pour des dommages qui pourraient r\u00e9sulter de la consultation, l&rsquo;acc\u00e8s, l&#8217;emploi ou l&rsquo;utilisation des contenus et informations publi\u00e9s sur la Plate-forme Digitale. La consultation et l&rsquo;utilisation de tels contenus et de telles informations s&rsquo;effectuent uniquement aux propres risques de l&rsquo;utilisateur.<\/p>\n\n\n\n<p>6.2 La Fournisseuse ne r\u00e9pond pas des abus commis par des tiers sur internet et des dommages qui en r\u00e9sultent pour l&rsquo;utilisateur (en particulier par des virus et autres \u00e9l\u00e9ments dommageables), ni des d\u00e9fauts de s\u00e9curit\u00e9 et des d\u00e9rangements apparaissant sur le r\u00e9seau des t\u00e9l\u00e9communications de tiers ou sur l&rsquo;internet, ni encore des interruptions de service ou des d\u00e9rangements de la Plate-forme Digitale.<\/p>\n\n\n\n<p><strong>7. Droit applicable et for juridique<\/strong><\/p>\n\n\n\n<p>7.1 L&rsquo;utilisation des contenus et informations offerts sur la Plate-forme Digitale est exclusivement soumise au droit suisse.<\/p>\n\n\n\n<p>7.2 Le for juridique exclusif pour tous les litiges r\u00e9sultant de l&rsquo;utilisation de la Plate-forme Digitale se trouve au si\u00e8ge de Gstaad Menuhin Festival &amp; Academy SA.<\/p>\n\n\n\n<p><strong>8. Modifications<\/strong><\/p>\n\n\n\n<p>8.1 La Fournisseuse se r\u00e9serve le droit de modifier, \u00e0 tout moment, les pr\u00e9sentes conditions d&rsquo;utilisation.<\/p>\n","protected":false},"excerpt":{"rendered":"<p>1. Champ d&rsquo;application 1.1 Par l&rsquo;utilisation des contenus et informations offerts sur ce site internet&nbsp;http:\/\/www.gstaaddigitalfestival.ch\/(la \u00ab\u00a0Plate-forme Digitale\u00a0\u00bb) de Gstaad Menuhin Festival &amp; Academy SA (la \u00ab\u00a0Fournisseuse\u00a0\u00bb), l&rsquo;utilisateur d\u00e9clare accepter les pr\u00e9sentes conditions d&rsquo;utilisation et s&rsquo;engage \u00e0 les respecter. 1.2 En cas de non-respect de ces conditions d&rsquo;utilisation, la Fournisseuse se r\u00e9serve explicitement le droit d&rsquo;engager [&hellip;]<\/p>\n","protected":false},"author":20162,"featured_media":0,"parent":0,"menu_order":0,"comment_status":"closed","ping_status":"closed","template":"","meta":{"_acf_changed":false,"footnotes":""},"acf":[],"yoast_head":"<!-- This site is optimized with the Yoast SEO plugin v24.5 - https:\/\/yoast.com\/wordpress\/plugins\/seo\/ -->\n<title>Conditions d&#039;utilisations - Gstaad Digital Festival<\/title>\n<meta name=\"robots\" content=\"index, follow, max-snippet:-1, max-image-preview:large, max-video-preview:-1\" \/>\n<link rel=\"canonical\" href=\"https:\/\/www.gstaaddigitalfestival.ch\/fr\/conditions-dutilisations\/\" \/>\n<meta property=\"og:locale\" content=\"fr_FR\" \/>\n<meta property=\"og:type\" content=\"article\" \/>\n<meta property=\"og:title\" content=\"Conditions d&#039;utilisations - Gstaad Digital Festival\" \/>\n<meta property=\"og:description\" content=\"1. Champ d&rsquo;application 1.1 Par l&rsquo;utilisation des contenus et informations offerts sur ce site internet&nbsp;http:\/\/www.gstaaddigitalfestival.ch\/(la \u00ab\u00a0Plate-forme Digitale\u00a0\u00bb) de Gstaad Menuhin Festival &amp; Academy SA (la \u00ab\u00a0Fournisseuse\u00a0\u00bb), l&rsquo;utilisateur d\u00e9clare accepter les pr\u00e9sentes conditions d&rsquo;utilisation et s&rsquo;engage \u00e0 les respecter. 1.2 En cas de non-respect de ces conditions d&rsquo;utilisation, la Fournisseuse se r\u00e9serve explicitement le droit d&rsquo;engager [&hellip;]\" \/>\n<meta property=\"og:url\" content=\"https:\/\/www.gstaaddigitalfestival.ch\/fr\/conditions-dutilisations\/\" \/>\n<meta property=\"og:site_name\" content=\"Gstaad Digital Festival\" \/>\n<meta property=\"article:modified_time\" content=\"2019-05-24T18:11:52+00:00\" \/>\n<meta property=\"og:image\" content=\"https:\/\/www.gstaaddigitalfestival.ch\/wp-content\/uploads\/2019\/08\/gstaad.png\" \/>\n\t<meta property=\"og:image:width\" content=\"280\" \/>\n\t<meta property=\"og:image:height\" content=\"165\" \/>\n\t<meta property=\"og:image:type\" content=\"image\/png\" \/>\n<meta name=\"twitter:card\" content=\"summary_large_image\" \/>\n<meta name=\"twitter:label1\" content=\"Dur\u00e9e de lecture estim\u00e9e\" \/>\n\t<meta name=\"twitter:data1\" content=\"3 minutes\" \/>\n<script type=\"application\/ld+json\" class=\"yoast-schema-graph\">{\"@context\":\"https:\/\/schema.org\",\"@graph\":[{\"@type\":\"WebPage\",\"@id\":\"https:\/\/www.gstaaddigitalfestival.ch\/fr\/conditions-dutilisations\/\",\"url\":\"https:\/\/www.gstaaddigitalfestival.ch\/fr\/conditions-dutilisations\/\",\"name\":\"Conditions d'utilisations - Gstaad Digital Festival\",\"isPartOf\":{\"@id\":\"https:\/\/www.gstaaddigitalfestival.ch\/fr\/#website\"},\"datePublished\":\"2019-03-19T16:15:26+00:00\",\"dateModified\":\"2019-05-24T18:11:52+00:00\",\"breadcrumb\":{\"@id\":\"https:\/\/www.gstaaddigitalfestival.ch\/fr\/conditions-dutilisations\/#breadcrumb\"},\"inLanguage\":\"fr-FR\",\"potentialAction\":[{\"@type\":\"ReadAction\",\"target\":[\"https:\/\/www.gstaaddigitalfestival.ch\/fr\/conditions-dutilisations\/\"]}]},{\"@type\":\"BreadcrumbList\",\"@id\":\"https:\/\/www.gstaaddigitalfestival.ch\/fr\/conditions-dutilisations\/#breadcrumb\",\"itemListElement\":[{\"@type\":\"ListItem\",\"position\":1,\"name\":\"Startseite\",\"item\":\"https:\/\/www.gstaaddigitalfestival.ch\/fr\/\"},{\"@type\":\"ListItem\",\"position\":2,\"name\":\"Conditions d&rsquo;utilisations\"}]},{\"@type\":\"WebSite\",\"@id\":\"https:\/\/www.gstaaddigitalfestival.ch\/fr\/#website\",\"url\":\"https:\/\/www.gstaaddigitalfestival.ch\/fr\/\",\"name\":\"Gstaad Digital Festival\",\"description\":\"\",\"publisher\":{\"@id\":\"https:\/\/www.gstaaddigitalfestival.ch\/fr\/#organization\"},\"potentialAction\":[{\"@type\":\"SearchAction\",\"target\":{\"@type\":\"EntryPoint\",\"urlTemplate\":\"https:\/\/www.gstaaddigitalfestival.ch\/fr\/?s={search_term_string}\"},\"query-input\":{\"@type\":\"PropertyValueSpecification\",\"valueRequired\":true,\"valueName\":\"search_term_string\"}}],\"inLanguage\":\"fr-FR\"},{\"@type\":\"Organization\",\"@id\":\"https:\/\/www.gstaaddigitalfestival.ch\/fr\/#organization\",\"name\":\"Gstaad Digital Festival\",\"url\":\"https:\/\/www.gstaaddigitalfestival.ch\/fr\/\",\"logo\":{\"@type\":\"ImageObject\",\"inLanguage\":\"fr-FR\",\"@id\":\"https:\/\/www.gstaaddigitalfestival.ch\/fr\/#\/schema\/logo\/image\/\",\"url\":\"https:\/\/www.gstaaddigitalfestival.ch\/wp-content\/uploads\/2019\/08\/gstaad.png\",\"contentUrl\":\"https:\/\/www.gstaaddigitalfestival.ch\/wp-content\/uploads\/2019\/08\/gstaad.png\",\"width\":280,\"height\":165,\"caption\":\"Gstaad Digital Festival\"},\"image\":{\"@id\":\"https:\/\/www.gstaaddigitalfestival.ch\/fr\/#\/schema\/logo\/image\/\"}}]}<\/script>\n<!-- \/ Yoast SEO plugin. -->","yoast_head_json":{"title":"Conditions d'utilisations - Gstaad Digital Festival","robots":{"index":"index","follow":"follow","max-snippet":"max-snippet:-1","max-image-preview":"max-image-preview:large","max-video-preview":"max-video-preview:-1"},"canonical":"https:\/\/www.gstaaddigitalfestival.ch\/fr\/conditions-dutilisations\/","og_locale":"fr_FR","og_type":"article","og_title":"Conditions d'utilisations - Gstaad Digital Festival","og_description":"1. Champ d&rsquo;application 1.1 Par l&rsquo;utilisation des contenus et informations offerts sur ce site internet&nbsp;http:\/\/www.gstaaddigitalfestival.ch\/(la \u00ab\u00a0Plate-forme Digitale\u00a0\u00bb) de Gstaad Menuhin Festival &amp; Academy SA (la \u00ab\u00a0Fournisseuse\u00a0\u00bb), l&rsquo;utilisateur d\u00e9clare accepter les pr\u00e9sentes conditions d&rsquo;utilisation et s&rsquo;engage \u00e0 les respecter. 1.2 En cas de non-respect de ces conditions d&rsquo;utilisation, la Fournisseuse se r\u00e9serve explicitement le droit d&rsquo;engager [&hellip;]","og_url":"https:\/\/www.gstaaddigitalfestival.ch\/fr\/conditions-dutilisations\/","og_site_name":"Gstaad Digital Festival","article_modified_time":"2019-05-24T18:11:52+00:00","og_image":[{"width":280,"height":165,"url":"https:\/\/www.gstaaddigitalfestival.ch\/wp-content\/uploads\/2019\/08\/gstaad.png","type":"image\/png"}],"twitter_card":"summary_large_image","twitter_misc":{"Dur\u00e9e de lecture estim\u00e9e":"3 minutes"},"schema":{"@context":"https:\/\/schema.org","@graph":[{"@type":"WebPage","@id":"https:\/\/www.gstaaddigitalfestival.ch\/fr\/conditions-dutilisations\/","url":"https:\/\/www.gstaaddigitalfestival.ch\/fr\/conditions-dutilisations\/","name":"Conditions d'utilisations - Gstaad Digital Festival","isPartOf":{"@id":"https:\/\/www.gstaaddigitalfestival.ch\/fr\/#website"},"datePublished":"2019-03-19T16:15:26+00:00","dateModified":"2019-05-24T18:11:52+00:00","breadcrumb":{"@id":"https:\/\/www.gstaaddigitalfestival.ch\/fr\/conditions-dutilisations\/#breadcrumb"},"inLanguage":"fr-FR","potentialAction":[{"@type":"ReadAction","target":["https:\/\/www.gstaaddigitalfestival.ch\/fr\/conditions-dutilisations\/"]}]},{"@type":"BreadcrumbList","@id":"https:\/\/www.gstaaddigitalfestival.ch\/fr\/conditions-dutilisations\/#breadcrumb","itemListElement":[{"@type":"ListItem","position":1,"name":"Startseite","item":"https:\/\/www.gstaaddigitalfestival.ch\/fr\/"},{"@type":"ListItem","position":2,"name":"Conditions d&rsquo;utilisations"}]},{"@type":"WebSite","@id":"https:\/\/www.gstaaddigitalfestival.ch\/fr\/#website","url":"https:\/\/www.gstaaddigitalfestival.ch\/fr\/","name":"Gstaad Digital Festival","description":"","publisher":{"@id":"https:\/\/www.gstaaddigitalfestival.ch\/fr\/#organization"},"potentialAction":[{"@type":"SearchAction","target":{"@type":"EntryPoint","urlTemplate":"https:\/\/www.gstaaddigitalfestival.ch\/fr\/?s={search_term_string}"},"query-input":{"@type":"PropertyValueSpecification","valueRequired":true,"valueName":"search_term_string"}}],"inLanguage":"fr-FR"},{"@type":"Organization","@id":"https:\/\/www.gstaaddigitalfestival.ch\/fr\/#organization","name":"Gstaad Digital Festival","url":"https:\/\/www.gstaaddigitalfestival.ch\/fr\/","logo":{"@type":"ImageObject","inLanguage":"fr-FR","@id":"https:\/\/www.gstaaddigitalfestival.ch\/fr\/#\/schema\/logo\/image\/","url":"https:\/\/www.gstaaddigitalfestival.ch\/wp-content\/uploads\/2019\/08\/gstaad.png","contentUrl":"https:\/\/www.gstaaddigitalfestival.ch\/wp-content\/uploads\/2019\/08\/gstaad.png","width":280,"height":165,"caption":"Gstaad Digital Festival"},"image":{"@id":"https:\/\/www.gstaaddigitalfestival.ch\/fr\/#\/schema\/logo\/image\/"}}]}},"_links":{"self":[{"href":"https:\/\/www.gstaaddigitalfestival.ch\/fr\/wp-json\/wp\/v2\/pages\/654"}],"collection":[{"href":"https:\/\/www.gstaaddigitalfestival.ch\/fr\/wp-json\/wp\/v2\/pages"}],"about":[{"href":"https:\/\/www.gstaaddigitalfestival.ch\/fr\/wp-json\/wp\/v2\/types\/page"}],"author":[{"embeddable":true,"href":"https:\/\/www.gstaaddigitalfestival.ch\/fr\/wp-json\/wp\/v2\/users\/20162"}],"replies":[{"embeddable":true,"href":"https:\/\/www.gstaaddigitalfestival.ch\/fr\/wp-json\/wp\/v2\/comments?post=654"}],"version-history":[{"count":2,"href":"https:\/\/www.gstaaddigitalfestival.ch\/fr\/wp-json\/wp\/v2\/pages\/654\/revisions"}],"predecessor-version":[{"id":657,"href":"https:\/\/www.gstaaddigitalfestival.ch\/fr\/wp-json\/wp\/v2\/pages\/654\/revisions\/657"}],"wp:attachment":[{"href":"https:\/\/www.gstaaddigitalfestival.ch\/fr\/wp-json\/wp\/v2\/media?parent=654"}],"curies":[{"name":"wp","href":"https:\/\/api.w.org\/{rel}","templated":true}]}}